{"id":181,"date":"2019-12-14T18:29:24","date_gmt":"2019-12-14T17:29:24","guid":{"rendered":"http:\/\/www.wattwurm-zentrale.de\/?page_id=181"},"modified":"2019-12-14T22:25:47","modified_gmt":"2019-12-14T21:25:47","slug":"wattwuermer","status":"publish","type":"page","link":"https:\/\/www.wattwurm-zentrale.de\/?page_id=181","title":{"rendered":"Wattw\u00fcrmer"},"content":{"rendered":"<p>[vc_section][vc_row css=&#8220;.vc_custom_1576358706739{margin-bottom: 0px !important;padding-bottom: 0px !important;}&#8220;][vc_column][vc_column_text]<\/p>\n<h1 class=\"headline-underline-middle\" style=\"text-align: center;\">Wattw\u00fcrmer<\/h1>\n<p>[\/vc_column_text][\/vc_column][\/vc_row][vc_row][vc_column width=&#8220;1\/2&#8243;]<div class=\"wpb_content_element ut-gallery-5  clearfix\">            \r\n            <script type=\"text\/javascript\">\r\n                \r\n                (function($){\r\n                    \r\n                    $(document).ready(function(){\r\n                                                \r\n                        function get_animated_objects( $all_appeared_elements, effect ) {\r\n                            \r\n                            var counter = 0;\r\n                            \r\n                            $all_appeared_elements.each(function(){\r\n                                        \r\n                                if( $(this).hasClass(effect) ) {\r\n\r\n                                    counter++;\r\n\r\n                                }\r\n\r\n                            });\r\n                            \r\n                            return counter;\r\n                            \r\n                        }\r\n\t\t\t\t\t\t\r\n\t\t\t\t\t\t\t\t\t\t\t\t\r\n\t\t\t\t\t\t\t$(\"#ut_ig_69d255c543570 .ut-image-gallery-item\").appear();\t\t\t\t\t\t\r\n\t\t\t\t\t\t\r\n\t\t\t\t\t\t\t$(document.body).on('appear', '#ut_ig_69d255c543570 .ut-image-gallery-item', function( event, $all_appeared_elements ) {\r\n\t\t\t\t\t\t\t\t\r\n\t\t\t\t\t\t\t\tvar $this = $(this);\r\n\t\t\t\t\t\t\t\t\r\n\t\t\t\t\t\t\t\tif( !$this.hasClass('ut-image-loaded') ) {\r\n                                    return; \r\n                                }\r\n\t\t\t\t\t\t\t\t\t\t\t\t\t\t\t\t\r\n\t\t\t\t\t\t\t\t$this.delay( 100 * ( $all_appeared_elements.index(this) - get_animated_objects( $all_appeared_elements, 'appeared' ) ) ).queue( function() {\r\n\t\t\t\t\r\n\t\t\t\t\t\t\t\t\t$this.addClass('appeared');\r\n\r\n\t\t\t\t\t\t\t\t});\r\n\t\t\t\t\t\t\t\t\r\n\t\t\t\t\t\t\t\t\r\n\t\t\t\t\t\t\t});\t\t\t\t\t\t\r\n\t\t\t\t\t\t\r\n\t\t\t\t\t\t\t\t\t\t\t\t\r\n\t\t\t\t\t\t\r\n                        \r\n                        \r\n                        if ( $().lightGallery ) {\r\n\r\n                            $('#ut_ig_69d255c543570').lightGallery({\r\n                                selector: '.ut-vc-images-lightbox-group-image',\r\n                                exThumbImage: 'data-exthumbimage',\r\n                                download: site_settings.lg_download,\r\n                                hash: false\r\n                            });\r\n\r\n                        }\r\n\r\n                          \r\n                    });\r\n                        \r\n                })(jQuery);\r\n            \r\n            <\/script>\r\n            \r\n            <style type=\"text\/css\">#ut_ig_69d255c543570 .ut-lazy:not(.ut-image-loaded) + .ut-video-module-loading { display:block; }#ut_ig_69d255c543570 .ut-lazy.ut-image-loaded + .ut-video-module-loading { display:none; }<\/style><div id=\"ut_ig_69d255c543570\" class=\"ut-image-gallery  ut-image-gallery-5 clearfix\"><div  data-count=\"3\" class=\"ut-image-gallery-item ut-animation-done grid-33 tablet-grid-33 mobile-grid-100 \"><a  class=\"ut-vc-images-lightbox ut-vc-images-lightbox-group-image\"  data-exthumbimage=\"https:\/\/www.wattwurm-zentrale.de\/wp-content\/uploads\/2015\/12\/DSC_0268-200x200.jpg\" href=\"https:\/\/www.wattwurm-zentrale.de\/wp-content\/uploads\/2015\/12\/DSC_0268.jpg\" ><div class=\"ut-image-gallery-image \"><img loading=\"lazy\" decoding=\"async\"  class=\" ut-lazy skip-lazy\" src=\"data:image\/svg+xml;charset=utf-8,%3Csvg xmlns%3D'http%3A%2F%2Fwww.w3.org%2F2000%2Fsvg' viewBox%3D'0 0 1300 867'%2F%3E\" data-src=\"https:\/\/www.wattwurm-zentrale.de\/wp-content\/uploads\/2015\/12\/DSC_0268-1024x683-1300x867.jpg\" width=\"1300\" height=\"867\"><\/div><\/a><\/div><div  data-count=\"3\" class=\"ut-image-gallery-item ut-animation-done ut-animation-done grid-33 tablet-grid-33 mobile-grid-100 \"><a  class=\"ut-vc-images-lightbox ut-vc-images-lightbox-group-image\"  data-exthumbimage=\"https:\/\/www.wattwurm-zentrale.de\/wp-content\/uploads\/2015\/12\/DSC_0267-200x200.jpg\" href=\"https:\/\/www.wattwurm-zentrale.de\/wp-content\/uploads\/2015\/12\/DSC_0267.jpg\" ><div class=\"ut-image-gallery-image \"><img loading=\"lazy\" decoding=\"async\"  class=\" ut-lazy skip-lazy\" src=\"data:image\/svg+xml;charset=utf-8,%3Csvg xmlns%3D'http%3A%2F%2Fwww.w3.org%2F2000%2Fsvg' viewBox%3D'0 0 1300 867'%2F%3E\" data-src=\"https:\/\/www.wattwurm-zentrale.de\/wp-content\/uploads\/2015\/12\/DSC_0267-1024x683-1300x867.jpg\" width=\"1300\" height=\"867\"><\/div><\/a><\/div><div  data-count=\"3\" class=\"ut-image-gallery-item ut-animation-done ut-animation-done ut-animation-done grid-33 tablet-grid-33 mobile-grid-100 \"><a  class=\"ut-vc-images-lightbox ut-vc-images-lightbox-group-image\"  data-exthumbimage=\"https:\/\/www.wattwurm-zentrale.de\/wp-content\/uploads\/2015\/12\/DSC_0265-200x200.jpg\" href=\"https:\/\/www.wattwurm-zentrale.de\/wp-content\/uploads\/2015\/12\/DSC_0265.jpg\" ><div class=\"ut-image-gallery-image \"><img loading=\"lazy\" decoding=\"async\"  class=\" ut-lazy skip-lazy\" src=\"data:image\/svg+xml;charset=utf-8,%3Csvg xmlns%3D'http%3A%2F%2Fwww.w3.org%2F2000%2Fsvg' viewBox%3D'0 0 1300 867'%2F%3E\" data-src=\"https:\/\/www.wattwurm-zentrale.de\/wp-content\/uploads\/2015\/12\/DSC_0265-1024x683-1300x867.jpg\" width=\"1300\" height=\"867\"><\/div><\/a><\/div><div class=\"clear\"><\/div><\/div><\/div>[\/vc_column][vc_column width=&#8220;1\/2&#8243;][vc_empty_space height=&#8220;20px&#8220;][vc_column_text]<\/p>\n<h2>Wattw\u00fcrmer (Arenicola marina)<\/h2>\n<p>Wattw\u00fcrmer sind jederzeit aus unserer H\u00e4lterungsanlage kurzfristig verf\u00fcgbar![\/vc_column_text][\/vc_column][\/vc_row][\/vc_section]<\/p>\n","protected":false},"excerpt":{"rendered":"<p>[vc_section][vc_row css=&#8220;.vc_custom_1576358706739{margin-bottom: 0px !important;padding-bottom: 0px !important;}&#8220;][vc_column][vc_column_text] Wattw\u00fcrmer [\/vc_column_text][\/vc_column][\/vc_row][vc_row][vc_column width=&#8220;1\/2&#8243;][\/vc_column][vc_column width=&#8220;1\/2&#8243;][vc_empty_space height=&#8220;20px&#8220;][vc_column_text] Wattw\u00fcrmer (Arenicola marina) Wattw\u00fcrmer sind jederzeit aus unserer H\u00e4lterungsanlage kurzfristig verf\u00fcgbar![\/vc_column_text][\/vc_column][\/vc_row][\/vc_section]<\/p>\n","protected":false},"author":3,"featured_media":0,"parent":0,"menu_order":0,"comment_status":"closed","ping_status":"closed","template":"","meta":{"footnotes":""},"_links":{"self":[{"href":"https:\/\/www.wattwurm-zentrale.de\/index.php?rest_route=\/wp\/v2\/pages\/181"}],"collection":[{"href":"https:\/\/www.wattwurm-zentrale.de\/index.php?rest_route=\/wp\/v2\/pages"}],"about":[{"href":"https:\/\/www.wattwurm-zentrale.de\/index.php?rest_route=\/wp\/v2\/types\/page"}],"author":[{"embeddable":true,"href":"https:\/\/www.wattwurm-zentrale.de\/index.php?rest_route=\/wp\/v2\/users\/3"}],"replies":[{"embeddable":true,"href":"https:\/\/www.wattwurm-zentrale.de\/index.php?rest_route=%2Fwp%2Fv2%2Fcomments&post=181"}],"version-history":[{"count":4,"href":"https:\/\/www.wattwurm-zentrale.de\/index.php?rest_route=\/wp\/v2\/pages\/181\/revisions"}],"predecessor-version":[{"id":197,"href":"https:\/\/www.wattwurm-zentrale.de\/index.php?rest_route=\/wp\/v2\/pages\/181\/revisions\/197"}],"wp:attachment":[{"href":"https:\/\/www.wattwurm-zentrale.de\/index.php?rest_route=%2Fwp%2Fv2%2Fmedia&parent=181"}],"curies":[{"name":"wp","href":"https:\/\/api.w.org\/{rel}","templated":true}]}}